{"id":442,"date":"2022-03-13T10:22:10","date_gmt":"2022-03-13T09:22:10","guid":{"rendered":"http:\/\/provencexvii.com\/markets\/?page_id=442"},"modified":"2022-03-13T19:05:01","modified_gmt":"2022-03-13T19:05:01","slug":"towns","status":"publish","type":"page","link":"https:\/\/provencexvii.com\/marches\/","title":{"rendered":"Les villes"},"content":{"rendered":"<!--themify_builder_content-->\n<div id=\"themify_builder_content-442\" data-postid=\"442\" class=\"themify_builder_content themify_builder_content-442 themify_builder tf_clear\">\n                    <div  data-lazy=\"1\" class=\"module_row themify_builder_row tb_6mx6625 tb_first tf_w\">\n                        <div class=\"row_inner col_align_top tb_col_count_1 tf_box tf_rel\">\n                        <div  data-lazy=\"1\" class=\"module_column tb-column col-full tb_vkhv627 first\">\n                    <!-- module menu -->\n<div  class=\"module module-menu tb_ul3w399  mobile-menu-slide\" data-menu-style=\"mobile-menu-slide\" data-menu-breakpoint=\"0\" data-element-id=\"tb_ul3w399\" data-lazy=\"1\">\n        \n    <div class=\"module-menu-container\"><ul id=\"menu-towns\" class=\"ui tf_clearfix nav tf_rel tf_scrollbar vertical tb_default_color\"><li id=\"menu-item-867\" class=\"menu-item-page-444 menu-item menu-item-type-post_type menu-item-object-page menu-item-867\"><a href=\"https:\/\/provencexvii.com\/marches\/agay\/\">Agay<\/a><\/li>\n<li id=\"menu-item-1550\" class=\"menu-item-page-1541 menu-item menu-item-type-post_type menu-item-object-page menu-item-1550\"><a href=\"https:\/\/provencexvii.com\/marches\/ampus\/\">Ampus<\/a><\/li>\n<li id=\"menu-item-869\" class=\"menu-item-page-463 menu-item menu-item-type-post_type menu-item-object-page menu-item-869\"><a href=\"https:\/\/provencexvii.com\/marches\/aups\/\">Aups<\/a><\/li>\n<li id=\"menu-item-870\" class=\"menu-item-page-468 menu-item menu-item-type-post_type menu-item-object-page menu-item-870\"><a href=\"https:\/\/provencexvii.com\/marches\/bargemon\/\">Bargemon<\/a><\/li>\n<li id=\"menu-item-871\" class=\"menu-item-page-470 menu-item menu-item-type-post_type menu-item-object-page menu-item-871\"><a href=\"https:\/\/provencexvii.com\/marches\/barjols\/\">Barjols<\/a><\/li>\n<li id=\"menu-item-872\" class=\"menu-item-page-473 menu-item menu-item-type-post_type menu-item-object-page menu-item-872\"><a href=\"https:\/\/provencexvii.com\/marches\/bauduen\/\">Bauduen<\/a><\/li>\n<li id=\"menu-item-873\" class=\"menu-item-page-475 menu-item menu-item-type-post_type menu-item-object-page menu-item-873\"><a href=\"https:\/\/provencexvii.com\/marches\/boulouris\/\">Boulouris<\/a><\/li>\n<li id=\"menu-item-874\" class=\"menu-item-page-479 menu-item menu-item-type-post_type menu-item-object-page menu-item-874\"><a href=\"https:\/\/provencexvii.com\/marches\/brignoles\/\">Brignoles<\/a><\/li>\n<li id=\"menu-item-875\" class=\"menu-item-page-481 menu-item menu-item-type-post_type menu-item-object-page menu-item-875\"><a href=\"https:\/\/provencexvii.com\/marches\/callas\/\">Callas<\/a><\/li>\n<li id=\"menu-item-876\" class=\"menu-item-page-483 menu-item menu-item-type-post_type menu-item-object-page menu-item-876\"><a href=\"https:\/\/provencexvii.com\/marches\/callian\/\">Callian<\/a><\/li>\n<li id=\"menu-item-877\" class=\"menu-item-page-485 menu-item menu-item-type-post_type menu-item-object-page menu-item-877\"><a href=\"https:\/\/provencexvii.com\/marches\/carces\/\">Carc\u00e8s<\/a><\/li>\n<li id=\"menu-item-878\" class=\"menu-item-page-491 menu-item menu-item-type-post_type menu-item-object-page menu-item-878\"><a href=\"https:\/\/provencexvii.com\/marches\/claviers\/\">Claviers<\/a><\/li>\n<li id=\"menu-item-1430\" class=\"menu-item-page-1428 menu-item menu-item-type-post_type menu-item-object-page menu-item-1430\"><a href=\"https:\/\/provencexvii.com\/marches\/cogolin\/\">Cogolin<\/a><\/li>\n<li id=\"menu-item-879\" class=\"menu-item-page-493 menu-item menu-item-type-post_type menu-item-object-page menu-item-879\"><a href=\"https:\/\/provencexvii.com\/marches\/cotignac\/\">Cotignac<\/a><\/li>\n<li id=\"menu-item-880\" class=\"menu-item-page-495 menu-item menu-item-type-post_type menu-item-object-page menu-item-880\"><a href=\"https:\/\/provencexvii.com\/marches\/draguignan\/\">Draguignan<\/a><\/li>\n<li id=\"menu-item-881\" class=\"menu-item-page-497 menu-item menu-item-type-post_type menu-item-object-page menu-item-881\"><a href=\"https:\/\/provencexvii.com\/marches\/entrecasteaux\/\">Entrecasteaux<\/a><\/li>\n<li id=\"menu-item-882\" class=\"menu-item-page-499 menu-item menu-item-type-post_type menu-item-object-page menu-item-882\"><a href=\"https:\/\/provencexvii.com\/marches\/fayence\/\">Fayence<\/a><\/li>\n<li id=\"menu-item-883\" class=\"menu-item-page-501 menu-item menu-item-type-post_type menu-item-object-page menu-item-883\"><a href=\"https:\/\/provencexvii.com\/marches\/figanieres\/\">Figani\u00e8res<\/a><\/li>\n<li id=\"menu-item-884\" class=\"menu-item-page-503 menu-item menu-item-type-post_type menu-item-object-page menu-item-884\"><a href=\"https:\/\/provencexvii.com\/marches\/flayosc\/\">Flayosc<\/a><\/li>\n<li id=\"menu-item-885\" class=\"menu-item-page-505 menu-item menu-item-type-post_type menu-item-object-page menu-item-885\"><a href=\"https:\/\/provencexvii.com\/marches\/frejus\/\">Fr\u00e9jus<\/a><\/li>\n<li id=\"menu-item-1433\" class=\"menu-item-page-1431 menu-item menu-item-type-post_type menu-item-object-page menu-item-1433\"><a href=\"https:\/\/provencexvii.com\/marches\/grimaud\/\">Grimaud<\/a><\/li>\n<li id=\"menu-item-1436\" class=\"menu-item-page-1434 menu-item menu-item-type-post_type menu-item-object-page menu-item-1436\"><a href=\"https:\/\/provencexvii.com\/marches\/hyeres\/\">Hy\u00e8res<\/a><\/li>\n<li id=\"menu-item-1441\" class=\"menu-item-page-1437 menu-item menu-item-type-post_type menu-item-object-page menu-item-1441\"><a href=\"https:\/\/provencexvii.com\/marches\/la-crau\/\">La Crau<\/a><\/li>\n<li id=\"menu-item-1519\" class=\"menu-item-page-1517 menu-item menu-item-type-post_type menu-item-object-page menu-item-1519\"><a href=\"https:\/\/provencexvii.com\/marches\/la-garde-freinet\/\">La Garde-Freinet<\/a><\/li>\n<li id=\"menu-item-1444\" class=\"menu-item-page-1442 menu-item menu-item-type-post_type menu-item-object-page menu-item-1444\"><a href=\"https:\/\/provencexvii.com\/marches\/le-cannet-des-maures\/\">Le Cannet-des-Maures<\/a><\/li>\n<li id=\"menu-item-1447\" class=\"menu-item-page-1445 menu-item menu-item-type-post_type menu-item-object-page menu-item-1447\"><a href=\"https:\/\/provencexvii.com\/marches\/le-lavandou\/\">Le Lavandou<\/a><\/li>\n<li id=\"menu-item-1450\" class=\"menu-item-page-1448 menu-item menu-item-type-post_type menu-item-object-page menu-item-1450\"><a href=\"https:\/\/provencexvii.com\/marches\/le-luc\/\">Le Luc<\/a><\/li>\n<li id=\"menu-item-887\" class=\"menu-item-page-509 menu-item menu-item-type-post_type menu-item-object-page menu-item-887\"><a href=\"https:\/\/provencexvii.com\/marches\/le-muy\/\">Le Muy<\/a><\/li>\n<li id=\"menu-item-1453\" class=\"menu-item-page-1451 menu-item menu-item-type-post_type menu-item-object-page menu-item-1453\"><a href=\"https:\/\/provencexvii.com\/marches\/le-pradet\/\">Le Pradet<\/a><\/li>\n<li id=\"menu-item-888\" class=\"menu-item-page-511 menu-item menu-item-type-post_type menu-item-object-page menu-item-888\"><a href=\"https:\/\/provencexvii.com\/marches\/le-thoronet\/\">Le Thoronet<\/a><\/li>\n<li id=\"menu-item-1456\" class=\"menu-item-page-1454 menu-item menu-item-type-post_type menu-item-object-page menu-item-1456\"><a href=\"https:\/\/provencexvii.com\/marches\/le-val\/\">Le Val<\/a><\/li>\n<li id=\"menu-item-1459\" class=\"menu-item-page-1457 menu-item menu-item-type-post_type menu-item-object-page menu-item-1459\"><a href=\"https:\/\/provencexvii.com\/marches\/les-arcs\/\">Les Arcs<\/a><\/li>\n<li id=\"menu-item-1466\" class=\"menu-item-page-1460 menu-item menu-item-type-post_type menu-item-object-page menu-item-1466\"><a href=\"https:\/\/provencexvii.com\/marches\/les-issambres\/\">Les Issambres<\/a><\/li>\n<li id=\"menu-item-889\" class=\"menu-item-page-513 menu-item menu-item-type-post_type menu-item-object-page menu-item-889\"><a href=\"https:\/\/provencexvii.com\/marches\/les-salles-sur-verdon\/\">Les Salles-sur-Verdon<\/a><\/li>\n<li id=\"menu-item-891\" class=\"menu-item-page-515 menu-item menu-item-type-post_type menu-item-object-page menu-item-891\"><a href=\"https:\/\/provencexvii.com\/marches\/lorgues\/\">Lorgues<\/a><\/li>\n<li id=\"menu-item-1469\" class=\"menu-item-page-1465 menu-item menu-item-type-post_type menu-item-object-page menu-item-1469\"><a href=\"https:\/\/provencexvii.com\/marches\/montauroux\/\">Montauroux<\/a><\/li>\n<li id=\"menu-item-900\" class=\"menu-item-page-507 menu-item menu-item-type-post_type menu-item-object-page menu-item-900\"><a href=\"https:\/\/provencexvii.com\/marches\/507-2\/\">Port Grimaud<\/a><\/li>\n<li id=\"menu-item-901\" class=\"menu-item-page-517 menu-item menu-item-type-post_type menu-item-object-page menu-item-901\"><a href=\"https:\/\/provencexvii.com\/marches\/ramatuelle\/\">Ramatuelle<\/a><\/li>\n<li id=\"menu-item-1472\" class=\"menu-item-page-1470 menu-item menu-item-type-post_type menu-item-object-page menu-item-1472\"><a href=\"https:\/\/provencexvii.com\/marches\/rocbaron\/\">Rocbaron<\/a><\/li>\n<li id=\"menu-item-1475\" class=\"menu-item-page-1473 menu-item menu-item-type-post_type menu-item-object-page menu-item-1475\"><a href=\"https:\/\/provencexvii.com\/marches\/roquebrune-sur-argens\/\">Roquebrune-sur-Argens<\/a><\/li>\n<li id=\"menu-item-902\" class=\"menu-item-page-535 menu-item menu-item-type-post_type menu-item-object-page menu-item-902\"><a href=\"https:\/\/provencexvii.com\/marches\/saint-cyr-sur-mer\/\">Saint-Cyr-sur-Mer<\/a><\/li>\n<li id=\"menu-item-1478\" class=\"menu-item-page-1476 menu-item menu-item-type-post_type menu-item-object-page menu-item-1478\"><a href=\"https:\/\/provencexvii.com\/marches\/saint-maximin-la-sainte-baume\/\">Saint-Maximin-la-Sainte-Baume<\/a><\/li>\n<li id=\"menu-item-903\" class=\"menu-item-page-519 menu-item menu-item-type-post_type menu-item-object-page menu-item-903\"><a href=\"https:\/\/provencexvii.com\/marches\/saint-raphael\/\">Saint-Rapha\u00ebl<\/a><\/li>\n<li id=\"menu-item-904\" class=\"menu-item-page-521 menu-item menu-item-type-post_type menu-item-object-page menu-item-904\"><a href=\"https:\/\/provencexvii.com\/marches\/saint-tropez\/\">Saint-Tropez<\/a><\/li>\n<li id=\"menu-item-905\" class=\"menu-item-page-523 menu-item menu-item-type-post_type menu-item-object-page menu-item-905\"><a href=\"https:\/\/provencexvii.com\/marches\/sainte-maxime\/\">Sainte-Maxime<\/a><\/li>\n<li id=\"menu-item-906\" class=\"menu-item-page-525 menu-item menu-item-type-post_type menu-item-object-page menu-item-906\"><a href=\"https:\/\/provencexvii.com\/marches\/salernes\/\">Salernes<\/a><\/li>\n<li id=\"menu-item-907\" class=\"menu-item-page-537 menu-item menu-item-type-post_type menu-item-object-page menu-item-907\"><a href=\"https:\/\/provencexvii.com\/marches\/toulon\/\">Toulon<\/a><\/li>\n<li id=\"menu-item-1529\" class=\"menu-item-page-1527 menu-item menu-item-type-post_type menu-item-object-page menu-item-1529\"><a href=\"https:\/\/provencexvii.com\/marches\/tourrettes\/\">Tourrettes<\/a><\/li>\n<li id=\"menu-item-908\" class=\"menu-item-page-527 menu-item menu-item-type-post_type menu-item-object-page menu-item-908\"><a href=\"https:\/\/provencexvii.com\/marches\/tourtour\/\">Tourtour<\/a><\/li>\n<li id=\"menu-item-910\" class=\"menu-item-page-529 menu-item menu-item-type-post_type menu-item-object-page menu-item-910\"><a href=\"https:\/\/provencexvii.com\/marches\/trans-en-provence\/\">Trans-En-Provence<\/a><\/li>\n<li id=\"menu-item-911\" class=\"menu-item-page-531 menu-item menu-item-type-post_type menu-item-object-page menu-item-911\"><a href=\"https:\/\/provencexvii.com\/marches\/villecroze\/\">Villecroze<\/a><\/li>\n<li id=\"menu-item-912\" class=\"menu-item-page-533 menu-item menu-item-type-post_type menu-item-object-page menu-item-912\"><a href=\"https:\/\/provencexvii.com\/marches\/vinon-sur-verdon\/\">Vinon-sur-Verdon<\/a><\/li>\n<\/ul><\/div>        <style>\n            .mobile-menu-module[data-module=\"tb_ul3w399\"]{\n                right:-300px            }\n        <\/style>\n    <\/div>\n<!-- \/module menu -->\n        <\/div>\n                        <\/div>\n        <\/div>\n        <\/div>\n<!--\/themify_builder_content-->","protected":false},"excerpt":{"rendered":"<p>Agay Antiquit\u00e9s Aups Bargemon Barjols Bauduen Boulouris Brignoles Callas Callian Carc\u00e8s Claviers Cotignac Draguignan Entrecasteaux Fayence Figani\u00e8res Flayosc Fr\u00e9jus Le Muy Le Thoronet Les Salles-sur-Verdon Les villes Lorgues Port Grimaud Ramatuelle Saint-Cyr-sur-Mer Saint-Rapha\u00ebl Saint-Tropez Sainte-Maxime Salernes Toulon Tourtour Trans-En-Provence Villecroze Vinon-sur-Verdon<\/p>\n","protected":false},"author":1,"featured_media":0,"parent":0,"menu_order":0,"comment_status":"closed","ping_status":"closed","template":"","meta":{"footnotes":""},"class_list":["post-442","page","type-page","status-publish","hentry","has-post-title","has-post-date","has-post-category","has-post-tag","has-post-comment","has-post-author",""],"builder_content":"<ul id=\"menu-towns-1\"><li><a href=\"https:\/\/provencexvii.com\/marches\/agay\/\">Agay<\/a><\/li> <li><a href=\"https:\/\/provencexvii.com\/marches\/ampus\/\">Ampus<\/a><\/li> <li><a href=\"https:\/\/provencexvii.com\/marches\/aups\/\">Aups<\/a><\/li> <li><a href=\"https:\/\/provencexvii.com\/marches\/bargemon\/\">Bargemon<\/a><\/li> <li><a href=\"https:\/\/provencexvii.com\/marches\/barjols\/\">Barjols<\/a><\/li> <li><a href=\"https:\/\/provencexvii.com\/marches\/bauduen\/\">Bauduen<\/a><\/li> <li><a href=\"https:\/\/provencexvii.com\/marches\/boulouris\/\">Boulouris<\/a><\/li> <li><a href=\"https:\/\/provencexvii.com\/marches\/brignoles\/\">Brignoles<\/a><\/li> <li><a href=\"https:\/\/provencexvii.com\/marches\/callas\/\">Callas<\/a><\/li> <li><a href=\"https:\/\/provencexvii.com\/marches\/callian\/\">Callian<\/a><\/li> <li><a href=\"https:\/\/provencexvii.com\/marches\/carces\/\">Carc\u00e8s<\/a><\/li> <li><a href=\"https:\/\/provencexvii.com\/marches\/claviers\/\">Claviers<\/a><\/li> <li><a href=\"https:\/\/provencexvii.com\/marches\/cogolin\/\">Cogolin<\/a><\/li> <li><a href=\"https:\/\/provencexvii.com\/marches\/cotignac\/\">Cotignac<\/a><\/li> <li><a href=\"https:\/\/provencexvii.com\/marches\/draguignan\/\">Draguignan<\/a><\/li> <li><a href=\"https:\/\/provencexvii.com\/marches\/entrecasteaux\/\">Entrecasteaux<\/a><\/li> <li><a href=\"https:\/\/provencexvii.com\/marches\/fayence\/\">Fayence<\/a><\/li> <li><a href=\"https:\/\/provencexvii.com\/marches\/figanieres\/\">Figani\u00e8res<\/a><\/li> <li><a href=\"https:\/\/provencexvii.com\/marches\/flayosc\/\">Flayosc<\/a><\/li> <li><a href=\"https:\/\/provencexvii.com\/marches\/frejus\/\">Fr\u00e9jus<\/a><\/li> <li><a href=\"https:\/\/provencexvii.com\/marches\/grimaud\/\">Grimaud<\/a><\/li> <li><a href=\"https:\/\/provencexvii.com\/marches\/hyeres\/\">Hy\u00e8res<\/a><\/li> <li><a href=\"https:\/\/provencexvii.com\/marches\/la-crau\/\">La Crau<\/a><\/li> <li><a href=\"https:\/\/provencexvii.com\/marches\/la-garde-freinet\/\">La Garde-Freinet<\/a><\/li> <li><a href=\"https:\/\/provencexvii.com\/marches\/le-cannet-des-maures\/\">Le Cannet-des-Maures<\/a><\/li> <li><a href=\"https:\/\/provencexvii.com\/marches\/le-lavandou\/\">Le Lavandou<\/a><\/li> <li><a href=\"https:\/\/provencexvii.com\/marches\/le-luc\/\">Le Luc<\/a><\/li> <li><a href=\"https:\/\/provencexvii.com\/marches\/le-muy\/\">Le Muy<\/a><\/li> <li><a href=\"https:\/\/provencexvii.com\/marches\/le-pradet\/\">Le Pradet<\/a><\/li> <li><a href=\"https:\/\/provencexvii.com\/marches\/le-thoronet\/\">Le Thoronet<\/a><\/li> <li><a href=\"https:\/\/provencexvii.com\/marches\/le-val\/\">Le Val<\/a><\/li> <li><a href=\"https:\/\/provencexvii.com\/marches\/les-arcs\/\">Les Arcs<\/a><\/li> <li><a href=\"https:\/\/provencexvii.com\/marches\/les-issambres\/\">Les Issambres<\/a><\/li> <li><a href=\"https:\/\/provencexvii.com\/marches\/les-salles-sur-verdon\/\">Les Salles-sur-Verdon<\/a><\/li> <li><a href=\"https:\/\/provencexvii.com\/marches\/lorgues\/\">Lorgues<\/a><\/li> <li><a href=\"https:\/\/provencexvii.com\/marches\/montauroux\/\">Montauroux<\/a><\/li> <li><a href=\"https:\/\/provencexvii.com\/marches\/507-2\/\">Port Grimaud<\/a><\/li> <li><a href=\"https:\/\/provencexvii.com\/marches\/ramatuelle\/\">Ramatuelle<\/a><\/li> <li><a href=\"https:\/\/provencexvii.com\/marches\/rocbaron\/\">Rocbaron<\/a><\/li> <li><a href=\"https:\/\/provencexvii.com\/marches\/roquebrune-sur-argens\/\">Roquebrune-sur-Argens<\/a><\/li> <li><a href=\"https:\/\/provencexvii.com\/marches\/saint-cyr-sur-mer\/\">Saint-Cyr-sur-Mer<\/a><\/li> <li><a href=\"https:\/\/provencexvii.com\/marches\/saint-maximin-la-sainte-baume\/\">Saint-Maximin-la-Sainte-Baume<\/a><\/li> <li><a href=\"https:\/\/provencexvii.com\/marches\/saint-raphael\/\">Saint-Rapha\u00ebl<\/a><\/li> <li><a href=\"https:\/\/provencexvii.com\/marches\/saint-tropez\/\">Saint-Tropez<\/a><\/li> <li><a href=\"https:\/\/provencexvii.com\/marches\/sainte-maxime\/\">Sainte-Maxime<\/a><\/li> <li><a href=\"https:\/\/provencexvii.com\/marches\/salernes\/\">Salernes<\/a><\/li> <li><a href=\"https:\/\/provencexvii.com\/marches\/toulon\/\">Toulon<\/a><\/li> <li><a href=\"https:\/\/provencexvii.com\/marches\/tourrettes\/\">Tourrettes<\/a><\/li> <li><a href=\"https:\/\/provencexvii.com\/marches\/tourtour\/\">Tourtour<\/a><\/li> <li><a href=\"https:\/\/provencexvii.com\/marches\/trans-en-provence\/\">Trans-En-Provence<\/a><\/li> <li><a href=\"https:\/\/provencexvii.com\/marches\/villecroze\/\">Villecroze<\/a><\/li> <li><a href=\"https:\/\/provencexvii.com\/marches\/vinon-sur-verdon\/\">Vinon-sur-Verdon<\/a><\/li> <\/ul>","_links":{"self":[{"href":"https:\/\/provencexvii.com\/marches\/wp-json\/wp\/v2\/pages\/442","targetHints":{"allow":["GET"]}}],"collection":[{"href":"https:\/\/provencexvii.com\/marches\/wp-json\/wp\/v2\/pages"}],"about":[{"href":"https:\/\/provencexvii.com\/marches\/wp-json\/wp\/v2\/types\/page"}],"author":[{"embeddable":true,"href":"https:\/\/provencexvii.com\/marches\/wp-json\/wp\/v2\/users\/1"}],"replies":[{"embeddable":true,"href":"https:\/\/provencexvii.com\/marches\/wp-json\/wp\/v2\/comments?post=442"}],"version-history":[{"count":7,"href":"https:\/\/provencexvii.com\/marches\/wp-json\/wp\/v2\/pages\/442\/revisions"}],"predecessor-version":[{"id":934,"href":"https:\/\/provencexvii.com\/marches\/wp-json\/wp\/v2\/pages\/442\/revisions\/934"}],"wp:attachment":[{"href":"https:\/\/provencexvii.com\/marches\/wp-json\/wp\/v2\/media?parent=442"}],"curies":[{"name":"wp","href":"https:\/\/api.w.org\/{rel}","templated":true}]}}