{"id":41,"date":"2021-06-07T14:31:44","date_gmt":"2021-06-07T13:31:44","guid":{"rendered":"http:\/\/provencexvii.com\/fr\/?page_id=41"},"modified":"2022-12-14T13:21:16","modified_gmt":"2022-12-14T12:21:16","slug":"a-propos-de-la-maison","status":"publish","type":"page","link":"http:\/\/provencexvii.com\/fr\/a-propos-de-la-maison\/","title":{"rendered":"\u00c0 propos de la maison"},"content":{"rendered":"<!--themify_builder_content-->\n<div id=\"themify_builder_content-41\" data-postid=\"41\" class=\"themify_builder_content themify_builder_content-41 themify_builder tf_clear\">\n                    <div  data-lazy=\"1\" class=\"module_row themify_builder_row tb_cusj234 tb_first tf_w\">\n                        <div class=\"row_inner col_align_top tb_col_count_1 tf_box tf_rel\">\n                        <div  data-lazy=\"1\" class=\"module_column tb-column col-full tb_f07o235 first\">\n                    <!-- module text -->\n<div  class=\"module module-text tb_65vv911   \" data-lazy=\"1\">\n        <div  class=\"tb_text_wrap\">\n        <p><img loading=\"lazy\" decoding=\"async\" class=\"wp-image-273 aligncenter\" src=\"http:\/\/provencexvii.com\/wp-content\/uploads\/2019\/05\/IMG_0677-300x200.jpg\" alt=\"\" width=\"445\" height=\"296\" \/><\/p>\n<h1 style=\"text-align: center;\">XVIIe si\u00e8cle<br \/>maison de ville<br \/>avec terrasse sur le toit<\/h1>\n<h4>5 couchages<\/h4>\n<p>La maison a \u00e9t\u00e9 construite \u00e0 l&#8217;\u00e9poque du XVII\u00e8me si\u00e8cle et est positionn\u00e9e strat\u00e9giquement juste \u00e0 l&#8217;ext\u00e9rieur de la porte de Paris de Flayosc, la porte d&#8217;origine o\u00f9 vous quitteriez le village en direction de Paris. Cette proven\u00e7ale maison de village historique est une maison familiale et a \u00e9t\u00e9 d\u00e9cor\u00e9e traditionnellement avec des meubles rustiques et anciens pour conserver une atmosph\u00e8re chaleureuse et une caract\u00e9ristique d&#8217;origine, avec les escaliers et les sols en pierre, les poutres en bois et des fen\u00eatres et le toit-terrasse traditionnelles.<\/p>\n<p>Il y a la climatisation dans la chambre principale et le salon.<\/p>\n<p>Situ\u00e9 sur la place centrale de la ville, elle est situ\u00e9 pour profiter de toutes les excentricit\u00e9s de la vie de village proven\u00e7ale. Le march\u00e9 du lundi matin est juste devant la maison, o\u00f9 vous pouvez acheter de d\u00e9licieux fromages et viandes locaux, du vin, des huiles d&#8217;olives, des sels de Camargue et du pain et des g\u00e2teaux. Pendant les mois d&#8217;\u00e9t\u00e9, des nombreux \u00e9v\u00e9nements musicaux ont lieu, des soir\u00e9es de jazz \u00e0 la guitare espagnole et des groupes locaux.<\/p>\n<p>Les restaurants prim\u00e9s sont connus des habitants qui se rassemblent avec leurs familles \u00e9largies pour le d\u00e9jeuner et le repas toute l&#8217;ann\u00e9e. Et si vous pr\u00e9f\u00e9rez manger \u00e0 la maison, vous pouvez profiter de la charcuterie et les sp\u00e9cialit\u00e9s locale. Pour votre pain quotidien, les deux boulangeries fran\u00e7aises proposent des p\u00e2tisseries et des pains divins. Il y a deux \u00e9piceries, un magasin de fruits et l\u00e9gumes ainsi que des nombreux autres endroits pour s&#8217;asseoir et siroter un de prend un verre de rose ou pastis sur la place de la ville, ou d&#8217;acheter des sampas vins et vous d\u00e9tendre sur la terrasse en regardant le couche du\u00a0soleil.<\/p>\n<p><strong>Cette maison de ville du XVIIe si\u00e8cle comprend\u00a0:<\/strong>\u00a02 chambres, 1 grande salle de bain, 1 WC s\u00e9par\u00e9 et peut accueillir jusqu&#8217;\u00e0 5 personnes.<\/p>\n<p>3 \u00e9tages de 27 m\u00b2 chacun. (81 m\u00b2 au total). Terrasse sur le toit, grand salon-salle \u00e0 manger avec poutres en ch\u00eane au plafond et chemin\u00e9e \u00e0 foyer ouvert, kitchenette de style ferme. Donnant sur la place centrale du village. Au nord de Saint-Tropez.<\/p>\n<ul>\n<li>3 \u00e9tages de 27 m\u00e8tres carr\u00e9s chacun<\/li>\n<li>Grand salon-salle \u00e0 manger plafond avec poutres en ch\u00eane d&#8217;origine, kitchenette de style ferme avec chemin\u00e9e \u00e0 foyer ouvert<\/li>\n<li>Surplombant la place centrale du village<\/li>\n<li>Deux r\u00e9frig\u00e9rateurs, cuisini\u00e8re \u00e0 gaz, vaisselle, casseroles, po\u00eales, couverts, literie et serviettes de bain sont fournis<\/li>\n<li>Acc\u00e8s par l&#8217;escalier en colima\u00e7on d&#8217;origine en pierre, s&#8217;incurvant majestueusement sur quatre \u00e9tages<\/li>\n<li>Meubl\u00e9 \u00e0 un niveau \u00e9lev\u00e9 dans le style d&#8217;une ferme fran\u00e7aise d&#8217;origine avec bric-\u00e0-brac et antiquit\u00e9s<\/li>\n<li>TV pour films DVD et lecteur CD<\/li>\n<li>2 chambres doubles dont une ouvrant sur la terrasse avec de grandes portes-fen\u00eatres, toutes avec des poutres apparentes en ch\u00eane d&#8217;origine<\/li>\n<li>La chambre du haut a un lit bateau double et des rideaux en filet<\/li>\n<li>Chambre principale avec un lit double king size (2m x 1,6m) avec des rideaux romantiques ainsi qu&#8217;un lit simple<\/li>\n<li>Vue panoramique sur le village et la campagne environnante depuis l&#8217;ext\u00e9rieur Terrasse priv\u00e9e semi-ombrag\u00e9e pour prendre le soleil, manger et se d\u00e9tendre<\/li>\n<li>Grande salle de bain avec baignoire longue et bidet, WC s\u00e9par\u00e9s, lave-linge ainsi qu&#8217;un s\u00e8che-linge<\/li>\n<li>Draps et serviettes en coton pour usage int\u00e9rieur uniquement, \u00e9lectricit\u00e9 et eau incluses<\/li>\n<li>Chauffages \u00e9lectriques pour l&#8217;hiver et pas d&#8217;extras cach\u00e9s<\/li>\n<li>Sols carrel\u00e9s en c\u00e9ramique d&#8217;origine de tomettes hexagonales de couleur ocre<\/li>\n<li>Descendez pour votre caf\u00e9 ou votre petit-d\u00e9jeuner, ainsi qu&#8217;un d\u00e9licieux plat du jour \u00e0 midi &#8211; pas besoin de cuisiner du tout ! &#8211; plus de 10\u00a0restaurants et bars du village juste en bas<\/li>\n<li>Non fumeur s&#8217;il vous plait<\/li>\n<li>Peut ne pas convenir aux tr\u00e8s jeunes enfants en raison de l&#8217;escalier en pierre et des quatre \u00e9tages. Pas d&#8217;ascenseur<\/li>\n<li>Nombreux parkings gratuits et s\u00e9curis\u00e9s dans le village \u00e0 50 m\u00e8tres de la maison<\/li>\n<li>Le g\u00e9rant de la maison parle parfaitement anglais et fran\u00e7ais<\/li>\n<\/ul>\n<p>Avec des hivers chauds et des journ\u00e9es principalement ensoleill\u00e9es, c&#8217;est un endroit id\u00e9al \u00e0 visiter toute l&#8217;ann\u00e9e. Les temp\u00e9ratures diurnes moyennes en hiver varient de 10\u00b0C \u00e0 28\u00b0C. Au d\u00e9but du printemps, il peut pleuvoir, mais parfois il ne pleut pas avant mai ou d\u00e9but juin, les temp\u00e9ratures moyennes varient de 16\u00b0C \u00e0 28\u00b0C. Les \u00e9t\u00e9s sont g\u00e9n\u00e9ralement chauds et secs, avec des temp\u00e9ratures diurnes allant de 25\u00b0C \u00e0 35\u00b0C.<\/p>\n<p>Il existe de nombreuses activit\u00e9s \u00e0 pratiquer localement ainsi que des villages int\u00e9ressants \u00e0 visiter \u00e0 proximit\u00e9, des rivi\u00e8res pour nager et des cascades et des grottes \u00e0 voir. La campagne est spectaculaire et si c&#8217;est la plage que vous voulez, alors St Maxime n&#8217;est qu&#8217;\u00e0 35 minutes, ou le Lac St Croix est \u00e0 40 minutes et beaucoup plus calme pendant les mois d&#8217;\u00e9t\u00e9. Vous pouvez explorer \u00e0 cheval, \u00e0 v\u00e9lo, \u00e0 pied ou en voiture.<\/p>    <\/div>\n<\/div>\n<!-- \/module text -->        <\/div>\n                        <\/div>\n        <\/div>\n                        <div  data-lazy=\"1\" class=\"module_row themify_builder_row tb_eaj5863 tf_w\">\n                        <div class=\"row_inner col_align_top tb_col_count_3 tf_box tf_rel\">\n                        <div  data-lazy=\"1\" class=\"module_column tb-column col3-1 tb_8epy864 first\">\n                    <!-- module buttons -->\n<div  class=\"module module-buttons tb_chbh401 buttons-horizontal solid  squared\" data-lazy=\"1\">\n        <div class=\"module-buttons-item tf_in_flx\">\n                        <a href=\"\/fr\/disponibilite-de-la-maison\/\" class=\"ui builder_button tf_in_flx tb_default_color\" >\n                                                Disponibilit\u00e9s, tarifs &amp; r\u00e9servation                                        <\/a>\n                <\/div>\n            <\/div>\n<!-- \/module buttons -->\n        <\/div>\n                    <div  data-lazy=\"1\" class=\"module_column tb-column col3-1 tb_ciuy17\">\n                    <!-- module buttons -->\n<div  class=\"module module-buttons tb_6w1k301 buttons-horizontal solid \" data-lazy=\"1\">\n        <div class=\"module-buttons-item tf_in_flx\">\n                        <a href=\"\/fr\/commerces-a-flayosc-et-a-proximite\/\" class=\"ui builder_button tf_in_flx tb_default_color\" >\n                                                Commerces \u00e0 Flayosc et \u00e0 proximit\u00e9                                        <\/a>\n                <\/div>\n            <\/div>\n<!-- \/module buttons -->\n        <\/div>\n                    <div  data-lazy=\"1\" class=\"module_column tb-column col3-1 tb_o69c865 last\">\n                    <!-- module buttons -->\n<div  class=\"module module-buttons tb_4519464 buttons-horizontal solid  squared\" data-lazy=\"1\">\n        <div class=\"module-buttons-item tf_in_flx\">\n                        <a href=\"\/fr\/photos-de-la-maison\/\" class=\"ui builder_button tf_in_flx tb_default_color\" >\n                                                Les photos de la maison<br><br>                                        <\/a>\n                <\/div>\n            <\/div>\n<!-- \/module buttons -->\n        <\/div>\n                        <\/div>\n        <\/div>\n        <\/div>\n<!--\/themify_builder_content-->\n\n\n<p><\/p>","protected":false},"excerpt":{"rendered":"","protected":false},"author":1,"featured_media":0,"parent":0,"menu_order":0,"comment_status":"closed","ping_status":"closed","template":"","meta":{"footnotes":""},"class_list":["post-41","page","type-page","status-publish","hentry","has-post-title","has-post-date","has-post-category","has-post-tag","has-post-comment","has-post-author",""],"builder_content":"<p><img loading=\"lazy\" decoding=\"async\" src=\"http:\/\/provencexvii.com\/wp-content\/uploads\/2019\/05\/IMG_0677-300x200.jpg\" alt=\"\" width=\"445\" height=\"296\" \/><\/p> <h1 style=\"text-align: center;\">XVIIe si\u00e8cle<br \/>maison de ville<br \/>avec terrasse sur le toit<\/h1> <h4>5 couchages<\/h4> <p>La maison a \u00e9t\u00e9 construite \u00e0 l'\u00e9poque du XVII\u00e8me si\u00e8cle et est positionn\u00e9e strat\u00e9giquement juste \u00e0 l'ext\u00e9rieur de la porte de Paris de Flayosc, la porte d'origine o\u00f9 vous quitteriez le village en direction de Paris. Cette proven\u00e7ale maison de village historique est une maison familiale et a \u00e9t\u00e9 d\u00e9cor\u00e9e traditionnellement avec des meubles rustiques et anciens pour conserver une atmosph\u00e8re chaleureuse et une caract\u00e9ristique d'origine, avec les escaliers et les sols en pierre, les poutres en bois et des fen\u00eatres et le toit-terrasse traditionnelles.<\/p> <p>Il y a la climatisation dans la chambre principale et le salon.<\/p> <p>Situ\u00e9 sur la place centrale de la ville, elle est situ\u00e9 pour profiter de toutes les excentricit\u00e9s de la vie de village proven\u00e7ale. Le march\u00e9 du lundi matin est juste devant la maison, o\u00f9 vous pouvez acheter de d\u00e9licieux fromages et viandes locaux, du vin, des huiles d'olives, des sels de Camargue et du pain et des g\u00e2teaux. Pendant les mois d'\u00e9t\u00e9, des nombreux \u00e9v\u00e9nements musicaux ont lieu, des soir\u00e9es de jazz \u00e0 la guitare espagnole et des groupes locaux.<\/p> <p>Les restaurants prim\u00e9s sont connus des habitants qui se rassemblent avec leurs familles \u00e9largies pour le d\u00e9jeuner et le repas toute l'ann\u00e9e. Et si vous pr\u00e9f\u00e9rez manger \u00e0 la maison, vous pouvez profiter de la charcuterie et les sp\u00e9cialit\u00e9s locale. Pour votre pain quotidien, les deux boulangeries fran\u00e7aises proposent des p\u00e2tisseries et des pains divins. Il y a deux \u00e9piceries, un magasin de fruits et l\u00e9gumes ainsi que des nombreux autres endroits pour s'asseoir et siroter un de prend un verre de rose ou pastis sur la place de la ville, ou d'acheter des sampas vins et vous d\u00e9tendre sur la terrasse en regardant le couche du\u00a0soleil.<\/p> <p><strong>Cette maison de ville du XVIIe si\u00e8cle comprend\u00a0:<\/strong>\u00a02 chambres, 1 grande salle de bain, 1 WC s\u00e9par\u00e9 et peut accueillir jusqu'\u00e0 5 personnes.<\/p> <p>3 \u00e9tages de 27 m\u00b2 chacun. (81 m\u00b2 au total). Terrasse sur le toit, grand salon-salle \u00e0 manger avec poutres en ch\u00eane au plafond et chemin\u00e9e \u00e0 foyer ouvert, kitchenette de style ferme. Donnant sur la place centrale du village. Au nord de Saint-Tropez.<\/p> <ul> <li>3 \u00e9tages de 27 m\u00e8tres carr\u00e9s chacun<\/li> <li>Grand salon-salle \u00e0 manger plafond avec poutres en ch\u00eane d'origine, kitchenette de style ferme avec chemin\u00e9e \u00e0 foyer ouvert<\/li> <li>Surplombant la place centrale du village<\/li> <li>Deux r\u00e9frig\u00e9rateurs, cuisini\u00e8re \u00e0 gaz, vaisselle, casseroles, po\u00eales, couverts, literie et serviettes de bain sont fournis<\/li> <li>Acc\u00e8s par l'escalier en colima\u00e7on d'origine en pierre, s'incurvant majestueusement sur quatre \u00e9tages<\/li> <li>Meubl\u00e9 \u00e0 un niveau \u00e9lev\u00e9 dans le style d'une ferme fran\u00e7aise d'origine avec bric-\u00e0-brac et antiquit\u00e9s<\/li> <li>TV pour films DVD et lecteur CD<\/li> <li>2 chambres doubles dont une ouvrant sur la terrasse avec de grandes portes-fen\u00eatres, toutes avec des poutres apparentes en ch\u00eane d'origine<\/li> <li>La chambre du haut a un lit bateau double et des rideaux en filet<\/li> <li>Chambre principale avec un lit double king size (2m x 1,6m) avec des rideaux romantiques ainsi qu'un lit simple<\/li> <li>Vue panoramique sur le village et la campagne environnante depuis l'ext\u00e9rieur Terrasse priv\u00e9e semi-ombrag\u00e9e pour prendre le soleil, manger et se d\u00e9tendre<\/li> <li>Grande salle de bain avec baignoire longue et bidet, WC s\u00e9par\u00e9s, lave-linge ainsi qu'un s\u00e8che-linge<\/li> <li>Draps et serviettes en coton pour usage int\u00e9rieur uniquement, \u00e9lectricit\u00e9 et eau incluses<\/li> <li>Chauffages \u00e9lectriques pour l'hiver et pas d'extras cach\u00e9s<\/li> <li>Sols carrel\u00e9s en c\u00e9ramique d'origine de tomettes hexagonales de couleur ocre<\/li> <li>Descendez pour votre caf\u00e9 ou votre petit-d\u00e9jeuner, ainsi qu'un d\u00e9licieux plat du jour \u00e0 midi - pas besoin de cuisiner du tout ! - plus de 10\u00a0restaurants et bars du village juste en bas<\/li> <li>Non fumeur s'il vous plait<\/li> <li>Peut ne pas convenir aux tr\u00e8s jeunes enfants en raison de l'escalier en pierre et des quatre \u00e9tages. Pas d'ascenseur<\/li> <li>Nombreux parkings gratuits et s\u00e9curis\u00e9s dans le village \u00e0 50 m\u00e8tres de la maison<\/li> <li>Le g\u00e9rant de la maison parle parfaitement anglais et fran\u00e7ais<\/li> <\/ul> <p>Avec des hivers chauds et des journ\u00e9es principalement ensoleill\u00e9es, c'est un endroit id\u00e9al \u00e0 visiter toute l'ann\u00e9e. Les temp\u00e9ratures diurnes moyennes en hiver varient de 10\u00b0C \u00e0 28\u00b0C. Au d\u00e9but du printemps, il peut pleuvoir, mais parfois il ne pleut pas avant mai ou d\u00e9but juin, les temp\u00e9ratures moyennes varient de 16\u00b0C \u00e0 28\u00b0C. Les \u00e9t\u00e9s sont g\u00e9n\u00e9ralement chauds et secs, avec des temp\u00e9ratures diurnes allant de 25\u00b0C \u00e0 35\u00b0C.<\/p> <p>Il existe de nombreuses activit\u00e9s \u00e0 pratiquer localement ainsi que des villages int\u00e9ressants \u00e0 visiter \u00e0 proximit\u00e9, des rivi\u00e8res pour nager et des cascades et des grottes \u00e0 voir. La campagne est spectaculaire et si c'est la plage que vous voulez, alors St Maxime n'est qu'\u00e0 35 minutes, ou le Lac St Croix est \u00e0 40 minutes et beaucoup plus calme pendant les mois d'\u00e9t\u00e9. Vous pouvez explorer \u00e0 cheval, \u00e0 v\u00e9lo, \u00e0 pied ou en voiture.<\/p>\n<a href=\"\/fr\/disponibilite-de-la-maison\/\" > Disponibilit\u00e9s, tarifs &amp; r\u00e9servation <\/a>\n<a href=\"\/fr\/commerces-a-flayosc-et-a-proximite\/\" > Commerces \u00e0 Flayosc et \u00e0 proximit\u00e9 <\/a>\n<a href=\"\/fr\/photos-de-la-maison\/\" > Les photos de la maison<br><br> <\/a>","_links":{"self":[{"href":"http:\/\/provencexvii.com\/fr\/wp-json\/wp\/v2\/pages\/41","targetHints":{"allow":["GET"]}}],"collection":[{"href":"http:\/\/provencexvii.com\/fr\/wp-json\/wp\/v2\/pages"}],"about":[{"href":"http:\/\/provencexvii.com\/fr\/wp-json\/wp\/v2\/types\/page"}],"author":[{"embeddable":true,"href":"http:\/\/provencexvii.com\/fr\/wp-json\/wp\/v2\/users\/1"}],"replies":[{"embeddable":true,"href":"http:\/\/provencexvii.com\/fr\/wp-json\/wp\/v2\/comments?post=41"}],"version-history":[{"count":13,"href":"http:\/\/provencexvii.com\/fr\/wp-json\/wp\/v2\/pages\/41\/revisions"}],"predecessor-version":[{"id":402,"href":"http:\/\/provencexvii.com\/fr\/wp-json\/wp\/v2\/pages\/41\/revisions\/402"}],"wp:attachment":[{"href":"http:\/\/provencexvii.com\/fr\/wp-json\/wp\/v2\/media?parent=41"}],"curies":[{"name":"wp","href":"https:\/\/api.w.org\/{rel}","templated":true}]}}