{"id":348,"date":"2022-02-23T20:25:02","date_gmt":"2022-02-23T19:25:02","guid":{"rendered":"http:\/\/provencexvii.com\/fr\/?page_id=348"},"modified":"2022-12-14T12:40:34","modified_gmt":"2022-12-14T11:40:34","slug":"commerces-a-flayosc-et-a-proximite","status":"publish","type":"page","link":"http:\/\/provencexvii.com\/fr\/commerces-a-flayosc-et-a-proximite\/","title":{"rendered":"Commerces \u00e0 Flayosc et \u00e0 proximit\u00e9"},"content":{"rendered":"<!--themify_builder_content-->\n<div id=\"themify_builder_content-348\" data-postid=\"348\" class=\"themify_builder_content themify_builder_content-348 themify_builder tf_clear\">\n                    <div  data-lazy=\"1\" class=\"module_row themify_builder_row tb_35c8600 tb_first tf_w\">\n                        <div class=\"row_inner col_align_top tb_col_count_1 tf_box tf_rel\">\n                        <div  data-lazy=\"1\" class=\"module_column tb-column col-full tb_n3n1600 first\">\n                    <!-- module image -->\n<div  class=\"module module-image tb_nx2v421 image-top   tf_mw\" data-lazy=\"1\">\n        <div class=\"image-wrap tf_rel tf_mw\">\n            <img loading=\"lazy\" decoding=\"async\" src=\"http:\/\/provencexvii.com\/wp-content\/uploads\/2022\/02\/Flayosc-Restaurants-1536x850.jpg\" width=\"1536\" height=\"850\" title=\"Commerces \u00e0 Flayosc et \u00e0 proximit\u00e9\" alt=\"Commerces \u00e0 Flayosc et \u00e0 proximit\u00e9\">    \n        <\/div>\n    <!-- \/image-wrap -->\n    \n        <\/div>\n<!-- \/module image -->        <\/div>\n                        <\/div>\n        <\/div>\n                        <div  data-lazy=\"1\" class=\"module_row themify_builder_row tb_2zh5785 tf_w\">\n                        <div class=\"row_inner col_align_top tb_col_count_1 tf_box tf_rel\">\n                        <div  data-lazy=\"1\" class=\"module_column tb-column col-full tb_h76q786 first\">\n                    <!-- module text -->\n<div  class=\"module module-text tb_gypa791   \" data-lazy=\"1\">\n        <div  class=\"tb_text_wrap\">\n        <p>\u00a0<\/p>\n<p>Vous trouverez tous les petits commerces ind\u00e9pendants et de qualit\u00e9 dont vous avez besoin au centre du village.<\/p>\n<p>Le jour de march\u00e9 \u00e0 Flayosc est le lundi matin, o\u00f9 vous trouverez les produits des producteurs r\u00e9gionaux.<\/p>\n<p>Boulangeries\u00a0:<\/p>\n<ul>\n<li><a href=\"https:\/\/www.google.com\/maps\/place\/8+Bd+du+G%C3%A9n%C3%A9ral+de+Gaulle,+83780+Flayosc\/@43.5324887,6.3972066,18z\/data=!4m15!1m9!2m8!1sUtile!3m6!1sUtile!2s83780+Flayosc!3s0x12c95359c6122553:0x4566f35c641c31c5!4m2!1d6.394899!2d43.534572!3m4!1s0x12c953582eba0a6d:0x38320d7950e10ace!8m2!3d43.5335038!4d6.3967349\" target=\"_blank\" rel=\"noopener\">Ile O Pains<\/a><\/li>\n<li><a href=\"https:\/\/www.google.com\/maps\/place\/8+Bd+du+G%C3%A9n%C3%A9ral+de+Gaulle,+83780+Flayosc\/@43.5324887,6.3972066,18z\/data=!4m15!1m9!2m8!1sUtile!3m6!1sUtile!2s83780+Flayosc!3s0x12c95359c6122553:0x4566f35c641c31c5!4m2!1d6.394899!2d43.534572!3m4!1s0x12c953582eba0a6d:0x38320d7950e10ace!8m2!3d43.5335038!4d6.3967349\" target=\"_blank\" rel=\"noopener\">Le Fournil Flayoscais<\/a><\/li>\n<\/ul>\n<p>Delicatessen &amp; p\u00e2tes fra\u00eeches\u00a0:<\/p>\n<ul>\n<li><a href=\"http:\/\/www.maison-cini.com\" target=\"_blank\" rel=\"noopener\">Les P\u00e2tes Flayoscaises \/ La maison Cini<\/a><\/li>\n<\/ul>\n<p>Vin et produits r\u00e9gionaux\u00a0:<\/p>\n<ul>\n<li><a href=\"https:\/\/cellierdes3collines.com\/\" target=\"_blank\" rel=\"noopener\">Cellier des 3 Collines<\/a><\/li>\n<li><a href=\"https:\/\/www.facebook.com\/leprimeurflayoscais\/\" target=\"_blank\" rel=\"noopener\">Le Primeur Flayoscais<\/a><\/li>\n<li><a href=\"https:\/\/www.facebook.com\/La-Fromagerie-Laitable-100735448796095\" target=\"_blank\" rel=\"noopener\">La Fromagerie Laitable<\/a><\/li>\n<\/ul>\n<p>Sup\u00e9rettes\u00a0:<\/p>\n<ul>\n<li><a href=\"https:\/\/www.google.com\/maps\/place\/Proxi\/@43.5336246,6.3955821,18z\/data=!3m1!4b1!4m5!3m4!1s0x12c953582f257665:0xe88076a4fd464738!8m2!3d43.5336226!4d6.3966721\" target=\"_blank\" rel=\"noopener\">Proxi<\/a><\/li>\n<li><a href=\"https:\/\/www.google.com\/maps\/place\/SPAR\/@43.5324887,6.3972066,18z\/data=!4m15!1m9!2m8!1sUtile!3m6!1sUtile!2s83780+Flayosc!3s0x12c95359c6122553:0x4566f35c641c31c5!4m2!1d6.394899!2d43.534572!3m4!1s0x12c953582a16faaf:0xca8165a1b3e7631e!8m2!3d43.5333331!4d6.3970153\" target=\"_blank\" rel=\"noopener\">Spar<\/a><\/li>\n<\/ul>\n<p>Boucherie :<\/p>\n<ul>\n<li><a href=\"https:\/\/www.google.com\/maps\/place\/Boucherie+Delacotte\/@43.5342697,6.3929659,17z\/data=!3m1!4b1!4m5!3m4!1s0x12c953584323ffff:0xb509c1e0812cc14f!8m2!3d43.5343435!4d6.3951943\" target=\"_blank\" rel=\"noopener\">Delacotte<\/a><\/li>\n<\/ul>\n<p>Restaurants :<\/p>\n<ul>\n<li><a href=\"https:\/\/www.google.com\/maps\/search\/Restaurants,+Flayosc\/@43.533714,6.3961798,19z\/data=!3m1!4b1!4m8!2m7!3m6!1sRestaurants,+Flayosc!2s83780+Flayosc!3s0x12c95359c6122553:0x4566f35c641c31c5!4m2!1d6.394899!2d43.534572\" target=\"_blank\" rel=\"noopener\">Carte des restaurants \u00e0 Flayosc<\/a><\/li>\n<\/ul>\n<p>Activites :<\/p>\n<ul>\n<li><a href=\"https:\/\/www.google.com\/maps\/place\/Dragui+Cycles\/@43.5352165,6.4554168,17z\/data=!3m1!4b1!4m5!3m4!1s0x12ceab8668b4a569:0xc5d6dd1f9757b3da!8m2!3d43.535214!4d6.4576074\" target=\"_blank\" rel=\"noopener\">Dragui Cycles<\/a><\/li>\n<li><a href=\"https:\/\/www.google.com\/maps\/place\/Cycles+flash+bike\/@43.5101724,6.4786023,17z\/data=!3m1!4b1!4m5!3m4!1s0x12ceac80f85b3f79:0xf4f2318029ec751f!8m2!3d43.5101724!4d6.480791\" target=\"_blank\" rel=\"noopener\">Cycles flash bike<\/a><\/li>\n<li><a href=\"https:\/\/www.google.com\/maps\/place\/new+evasion+provence+canoe\/@43.4818191,6.2863774,17z\/data=!3m1!4b1!4m5!3m4!1s0x12c90714c8adcb2f:0x7b4b68e3fcf6b611!8m2!3d43.4818191!4d6.2885661\" target=\"_blank\" rel=\"noopener\">Nature&#8217;Evasion<\/a><\/li>\n<\/ul>\n<p>Accrobranches :<\/p>\n<ul>\n<li><a href=\"https:\/\/www.facebook.com\/FlayForest-Accrobranche-350218985596810\/\" target=\"_blank\" rel=\"noopener\">Flay&#8217;Forest &#8211; Accrobranche<\/a><br \/>Parc d&#8217;attractions et \u00e0 th\u00e8me<\/li>\n<li><a href=\"https:\/\/www.chateaularnaude.com\/pages\/laccrobranche-a-larnaude\" target=\"_blank\" rel=\"noopener\">L&#8217;Arnaude Aventures<\/a><br \/>Le parc accrobranche de l&#8217;Arnaude Aventures permet de s&#8217;\u00e9vader, de go\u00fbter aux joies de l\u2019aventure et de la nature tout en s\u2019amusant.<\/li>\n<li><a href=\"https:\/\/dropinwaterjump.fr\/fr\/dracenie\/\" target=\"_blank\" rel=\"noopener\">Base de loisirs \u00e0 Vidauban<\/a><br \/>Drop-in Water Jump Parc<\/li>\n<li><a href=\"https:\/\/www.google.com\/maps\/place\/Provence+Aventure+-+Base+Nautique+-+Accrobranche\/@43.4287543,6.4121955,14.35z\/data=!4m13!1m7!3m6!1s0x12ceb2c2aea856e3:0x763f7177bfd24745!2s83550+Vidauban!3b1!8m2!3d43.426869!4d6.4316129!3m4!1s0x12ceb2e86cbb9699:0xadedb971db312ccb!8m2!3d43.4332275!4d6.4285411\" target=\"_blank\" rel=\"noopener\">Provence Aventure &#8211; Base Nautique &#8211; Accrobranche<\/a><br \/>Parc d&#8217;attractions<\/li>\n<\/ul>\n<p>Office de tourisme de la dracenie :<\/p>\n<ul>\n<li><a href=\"http:\/\/www.tourisme-dracenie.com\/\" target=\"_blank\" rel=\"noopener\">Programme des manifestations<\/a><\/li>\n<li><a href=\"https:\/\/www.facebook.com\/dracenie.agenda\" target=\"_blank\" rel=\"noopener\">Page Facebook de Draguignan<\/a><\/li>\n<li><a href=\"https:\/\/www.flayosc.fr\/event\/\" target=\"_blank\" rel=\"noopener\">Flayosc Marie<\/a><\/li>\n<\/ul>\n<p>Pour faire les courses dans une grande surface :<\/p>\n<ul>\n<li><a href=\"https:\/\/www.google.com\/maps\/place\/Carrefour+Draguignan\/@43.5274501,6.4172267,13z\/data=!4m5!3m4!1s0x12ceac80a8eb8b75:0x9018ef8bfe140347!8m2!3d43.5283504!4d6.4498359\" target=\"_blank\" rel=\"noopener\">Carrefour<\/a> Draguignan<\/li>\n<li><a href=\"https:\/\/www.google.com\/maps\/place\/ALDI\/@43.5274501,6.4172267,13z\/data=!3m1!5s0x12ceac3cbc4a966f:0x89b267c464e6ee0d!4m12!1m6!3m5!1s0x12ceac80a8eb8b75:0x9018ef8bfe140347!2sCarrefour+Draguignan!8m2!3d43.5283504!4d6.4498359!3m4!1s0x0:0x64d8fec934d641c5!8m2!3d43.5076027!4d6.481137\" target=\"_blank\" rel=\"noopener\">Aldi<\/a> Trans-en-Provence<\/li>\n<li><a href=\"https:\/\/goo.gl\/maps\/FZZJ9M1VR3pGxCDv9\" target=\"_blank\" rel=\"noopener\">Lidil<\/a> Trans-en-Provence<\/li>\n<li><a href=\"https:\/\/www.google.com\/maps\/place\/Lidl\/@43.5600557,6.2170998,13z\/data=!3m1!5s0x12ceac16901beb7d:0x538dede38b4cd163!4m12!1m6!3m5!1s0x0:0x9c39dea33b94ad3b!2sLidl!8m2!3d43.5148263!4d6.4778107!3m4!1s0x12c959e758b793ad:0x76a8142ff146210c!8m2!3d43.5600418!4d6.2462378\" target=\"_blank\" rel=\"noopener\">Lidil<\/a> Salernes<\/li>\n<li><a href=\"https:\/\/www.google.com\/maps\/place\/Supermarch%C3%A9+Casino\/@43.547093,6.2561541,12z\/data=!3m1!5s0x12c95743e8417eb9:0x47feb36281e36d14!4m5!3m4!1s0x0:0xcd5debc4388c50a3!8m2!3d43.5590675!4d6.2528106\" target=\"_blank\" rel=\"noopener\">Casino<\/a> Salernes<\/li>\n<li><a href=\"https:\/\/www.google.com\/maps\/place\/Hyper+U\/@43.4512528,6.4876527,17z\/data=!3m1!4b1!4m5!3m4!1s0x12ceb200661eab41:0x69adbe1be8fd59ac!8m2!3d43.4512489!4d6.4898414\" target=\"_blank\" rel=\"noopener\">Hyper U<\/a> Les Arcs<\/li>\n<\/ul>\n<p>Magasins bio :<\/p>\n<ul>\n<li><a href=\"https:\/\/www.google.com\/maps\/place\/Naturalia+Draguignan\/@43.540271,6.4588002,17z\/data=!3m1!4b1!4m5!3m4!1s0x12ceab03a507f2bd:0xb13cb01d8507c243!8m2!3d43.5402749!4d6.4608476\" target=\" rel=\">Naturalia<\/a> Draguignan<\/li>\n<li><a href=\"https:\/\/www.soleilbio-draguignan.fr\/\" target=\"_blank\" rel=\"noopener\">Biocoop Soleil Bio<\/a> Draguignan<\/li>\n<li><a href=\"https:\/\/www.google.com\/maps\/place\/Natur'Halles\/@43.5274589,6.4312773,17z\/data=!3m1!4b1!4m5!3m4!1s0x12ceac9969df1b5b:0xb445ed742bdcf3f9!8m2!3d43.527453!4d6.4334653\" target=\"_blank\" rel=\"noopener\">Natur&#8217;Halles<\/a> Draguignan<\/li>\n<li><a href=\"https:\/\/www.google.com\/maps\/place\/LES+COMPTOIRS+DE+LA+BIO\/@43.5100555,6.4788799,17z\/data=!3m1!4b1!4m5!3m4!1s0x12ceac167a0f7eeb:0xd516940ea90f2f20!8m2!3d43.5100555!4d6.4810686\" target=\"_blank\" rel=\"noopener\">Les Comptoirs de la Bio<\/a> Trans-en-Provence<\/li>\n<\/ul>    <\/div>\n<\/div>\n<!-- \/module text -->        <\/div>\n                        <\/div>\n        <\/div>\n        <\/div>\n<!--\/themify_builder_content-->","protected":false},"excerpt":{"rendered":"<p>\u00a0 Vous trouverez tous les petits commerces ind\u00e9pendants et de qualit\u00e9 dont vous avez besoin au centre du village. Le jour de march\u00e9 \u00e0 Flayosc est le lundi matin, o\u00f9 vous trouverez les produits des producteurs r\u00e9gionaux. Boulangeries\u00a0: Ile O Pains Le Fournil Flayoscais Delicatessen &amp; p\u00e2tes fra\u00eeches\u00a0: Les P\u00e2tes Flayoscaises \/ La maison Cini [&hellip;]<\/p>\n","protected":false},"author":1,"featured_media":0,"parent":0,"menu_order":0,"comment_status":"closed","ping_status":"closed","template":"","meta":{"footnotes":""},"class_list":["post-348","page","type-page","status-publish","hentry","has-post-title","has-post-date","has-post-category","has-post-tag","has-post-comment","has-post-author",""],"builder_content":"<img src=\"http:\/\/provencexvii.com\/wp-content\/uploads\/2022\/02\/Flayosc-Restaurants-1536x850.jpg\" width=\"1536\" height=\"850\" title=\"Commerces \u00e0 Flayosc et \u00e0 proximit\u00e9\" alt=\"Commerces \u00e0 Flayosc et \u00e0 proximit\u00e9\">\n<p>\u00a0<\/p> <p>Vous trouverez tous les petits commerces ind\u00e9pendants et de qualit\u00e9 dont vous avez besoin au centre du village.<\/p> <p>Le jour de march\u00e9 \u00e0 Flayosc est le lundi matin, o\u00f9 vous trouverez les produits des producteurs r\u00e9gionaux.<\/p> <p>Boulangeries\u00a0:<\/p> <ul> <li><a href=\"https:\/\/www.google.com\/maps\/place\/8+Bd+du+G%C3%A9n%C3%A9ral+de+Gaulle,+83780+Flayosc\/@43.5324887,6.3972066,18z\/data=!4m15!1m9!2m8!1sUtile!3m6!1sUtile!2s83780+Flayosc!3s0x12c95359c6122553:0x4566f35c641c31c5!4m2!1d6.394899!2d43.534572!3m4!1s0x12c953582eba0a6d:0x38320d7950e10ace!8m2!3d43.5335038!4d6.3967349\" target=\"_blank\" rel=\"noopener\">Ile O Pains<\/a><\/li> <li><a href=\"https:\/\/www.google.com\/maps\/place\/8+Bd+du+G%C3%A9n%C3%A9ral+de+Gaulle,+83780+Flayosc\/@43.5324887,6.3972066,18z\/data=!4m15!1m9!2m8!1sUtile!3m6!1sUtile!2s83780+Flayosc!3s0x12c95359c6122553:0x4566f35c641c31c5!4m2!1d6.394899!2d43.534572!3m4!1s0x12c953582eba0a6d:0x38320d7950e10ace!8m2!3d43.5335038!4d6.3967349\" target=\"_blank\" rel=\"noopener\">Le Fournil Flayoscais<\/a><\/li> <\/ul> <p>Delicatessen &amp; p\u00e2tes fra\u00eeches\u00a0:<\/p> <ul> <li><a href=\"http:\/\/www.maison-cini.com\" target=\"_blank\" rel=\"noopener\">Les P\u00e2tes Flayoscaises \/ La maison Cini<\/a><\/li> <\/ul> <p>Vin et produits r\u00e9gionaux\u00a0:<\/p> <ul> <li><a href=\"https:\/\/cellierdes3collines.com\/\" target=\"_blank\" rel=\"noopener\">Cellier des 3 Collines<\/a><\/li> <li><a href=\"https:\/\/www.facebook.com\/leprimeurflayoscais\/\" target=\"_blank\" rel=\"noopener\">Le Primeur Flayoscais<\/a><\/li> <li><a href=\"https:\/\/www.facebook.com\/La-Fromagerie-Laitable-100735448796095\" target=\"_blank\" rel=\"noopener\">La Fromagerie Laitable<\/a><\/li> <\/ul> <p>Sup\u00e9rettes\u00a0:<\/p> <ul> <li><a href=\"https:\/\/www.google.com\/maps\/place\/Proxi\/@43.5336246,6.3955821,18z\/data=!3m1!4b1!4m5!3m4!1s0x12c953582f257665:0xe88076a4fd464738!8m2!3d43.5336226!4d6.3966721\" target=\"_blank\" rel=\"noopener\">Proxi<\/a><\/li> <li><a href=\"https:\/\/www.google.com\/maps\/place\/SPAR\/@43.5324887,6.3972066,18z\/data=!4m15!1m9!2m8!1sUtile!3m6!1sUtile!2s83780+Flayosc!3s0x12c95359c6122553:0x4566f35c641c31c5!4m2!1d6.394899!2d43.534572!3m4!1s0x12c953582a16faaf:0xca8165a1b3e7631e!8m2!3d43.5333331!4d6.3970153\" target=\"_blank\" rel=\"noopener\">Spar<\/a><\/li> <\/ul> <p>Boucherie :<\/p> <ul> <li><a href=\"https:\/\/www.google.com\/maps\/place\/Boucherie+Delacotte\/@43.5342697,6.3929659,17z\/data=!3m1!4b1!4m5!3m4!1s0x12c953584323ffff:0xb509c1e0812cc14f!8m2!3d43.5343435!4d6.3951943\" target=\"_blank\" rel=\"noopener\">Delacotte<\/a><\/li> <\/ul> <p>Restaurants :<\/p> <ul> <li><a href=\"https:\/\/www.google.com\/maps\/search\/Restaurants,+Flayosc\/@43.533714,6.3961798,19z\/data=!3m1!4b1!4m8!2m7!3m6!1sRestaurants,+Flayosc!2s83780+Flayosc!3s0x12c95359c6122553:0x4566f35c641c31c5!4m2!1d6.394899!2d43.534572\" target=\"_blank\" rel=\"noopener\">Carte des restaurants \u00e0 Flayosc<\/a><\/li> <\/ul> <p>Activites :<\/p> <ul> <li><a href=\"https:\/\/www.google.com\/maps\/place\/Dragui+Cycles\/@43.5352165,6.4554168,17z\/data=!3m1!4b1!4m5!3m4!1s0x12ceab8668b4a569:0xc5d6dd1f9757b3da!8m2!3d43.535214!4d6.4576074\" target=\"_blank\" rel=\"noopener\">Dragui Cycles<\/a><\/li> <li><a href=\"https:\/\/www.google.com\/maps\/place\/Cycles+flash+bike\/@43.5101724,6.4786023,17z\/data=!3m1!4b1!4m5!3m4!1s0x12ceac80f85b3f79:0xf4f2318029ec751f!8m2!3d43.5101724!4d6.480791\" target=\"_blank\" rel=\"noopener\">Cycles flash bike<\/a><\/li> <li><a href=\"https:\/\/www.google.com\/maps\/place\/new+evasion+provence+canoe\/@43.4818191,6.2863774,17z\/data=!3m1!4b1!4m5!3m4!1s0x12c90714c8adcb2f:0x7b4b68e3fcf6b611!8m2!3d43.4818191!4d6.2885661\" target=\"_blank\" rel=\"noopener\">Nature'Evasion<\/a><\/li> <\/ul> <p>Accrobranches :<\/p> <ul> <li><a href=\"https:\/\/www.facebook.com\/FlayForest-Accrobranche-350218985596810\/\" target=\"_blank\" rel=\"noopener\">Flay'Forest - Accrobranche<\/a><br \/>Parc d'attractions et \u00e0 th\u00e8me<\/li> <li><a href=\"https:\/\/www.chateaularnaude.com\/pages\/laccrobranche-a-larnaude\" target=\"_blank\" rel=\"noopener\">L'Arnaude Aventures<\/a><br \/>Le parc accrobranche de l'Arnaude Aventures permet de s'\u00e9vader, de go\u00fbter aux joies de l\u2019aventure et de la nature tout en s\u2019amusant.<\/li> <li><a href=\"https:\/\/dropinwaterjump.fr\/fr\/dracenie\/\" target=\"_blank\" rel=\"noopener\">Base de loisirs \u00e0 Vidauban<\/a><br \/>Drop-in Water Jump Parc<\/li> <li><a href=\"https:\/\/www.google.com\/maps\/place\/Provence+Aventure+-+Base+Nautique+-+Accrobranche\/@43.4287543,6.4121955,14.35z\/data=!4m13!1m7!3m6!1s0x12ceb2c2aea856e3:0x763f7177bfd24745!2s83550+Vidauban!3b1!8m2!3d43.426869!4d6.4316129!3m4!1s0x12ceb2e86cbb9699:0xadedb971db312ccb!8m2!3d43.4332275!4d6.4285411\" target=\"_blank\" rel=\"noopener\">Provence Aventure - Base Nautique - Accrobranche<\/a><br \/>Parc d'attractions<\/li> <\/ul> <p>Office de tourisme de la dracenie :<\/p> <ul> <li><a href=\"http:\/\/www.tourisme-dracenie.com\/\" target=\"_blank\" rel=\"noopener\">Programme des manifestations<\/a><\/li> <li><a href=\"https:\/\/www.facebook.com\/dracenie.agenda\" target=\"_blank\" rel=\"noopener\">Page Facebook de Draguignan<\/a><\/li> <li><a href=\"https:\/\/www.flayosc.fr\/event\/\" target=\"_blank\" rel=\"noopener\">Flayosc Marie<\/a><\/li> <\/ul> <p>Pour faire les courses dans une grande surface :<\/p> <ul> <li><a href=\"https:\/\/www.google.com\/maps\/place\/Carrefour+Draguignan\/@43.5274501,6.4172267,13z\/data=!4m5!3m4!1s0x12ceac80a8eb8b75:0x9018ef8bfe140347!8m2!3d43.5283504!4d6.4498359\" target=\"_blank\" rel=\"noopener\">Carrefour<\/a> Draguignan<\/li> <li><a href=\"https:\/\/www.google.com\/maps\/place\/ALDI\/@43.5274501,6.4172267,13z\/data=!3m1!5s0x12ceac3cbc4a966f:0x89b267c464e6ee0d!4m12!1m6!3m5!1s0x12ceac80a8eb8b75:0x9018ef8bfe140347!2sCarrefour+Draguignan!8m2!3d43.5283504!4d6.4498359!3m4!1s0x0:0x64d8fec934d641c5!8m2!3d43.5076027!4d6.481137\" target=\"_blank\" rel=\"noopener\">Aldi<\/a> Trans-en-Provence<\/li> <li><a href=\"https:\/\/goo.gl\/maps\/FZZJ9M1VR3pGxCDv9\" target=\"_blank\" rel=\"noopener\">Lidil<\/a> Trans-en-Provence<\/li> <li><a href=\"https:\/\/www.google.com\/maps\/place\/Lidl\/@43.5600557,6.2170998,13z\/data=!3m1!5s0x12ceac16901beb7d:0x538dede38b4cd163!4m12!1m6!3m5!1s0x0:0x9c39dea33b94ad3b!2sLidl!8m2!3d43.5148263!4d6.4778107!3m4!1s0x12c959e758b793ad:0x76a8142ff146210c!8m2!3d43.5600418!4d6.2462378\" target=\"_blank\" rel=\"noopener\">Lidil<\/a> Salernes<\/li> <li><a href=\"https:\/\/www.google.com\/maps\/place\/Supermarch%C3%A9+Casino\/@43.547093,6.2561541,12z\/data=!3m1!5s0x12c95743e8417eb9:0x47feb36281e36d14!4m5!3m4!1s0x0:0xcd5debc4388c50a3!8m2!3d43.5590675!4d6.2528106\" target=\"_blank\" rel=\"noopener\">Casino<\/a> Salernes<\/li> <li><a href=\"https:\/\/www.google.com\/maps\/place\/Hyper+U\/@43.4512528,6.4876527,17z\/data=!3m1!4b1!4m5!3m4!1s0x12ceb200661eab41:0x69adbe1be8fd59ac!8m2!3d43.4512489!4d6.4898414\" target=\"_blank\" rel=\"noopener\">Hyper U<\/a> Les Arcs<\/li> <\/ul> <p>Magasins bio :<\/p> <ul> <li><a href=\"https:\/\/www.google.com\/maps\/place\/Naturalia+Draguignan\/@43.540271,6.4588002,17z\/data=!3m1!4b1!4m5!3m4!1s0x12ceab03a507f2bd:0xb13cb01d8507c243!8m2!3d43.5402749!4d6.4608476\" target=\" rel=\">Naturalia<\/a> Draguignan<\/li> <li><a href=\"https:\/\/www.soleilbio-draguignan.fr\/\" target=\"_blank\" rel=\"noopener\">Biocoop Soleil Bio<\/a> Draguignan<\/li> <li><a href=\"https:\/\/www.google.com\/maps\/place\/Natur'Halles\/@43.5274589,6.4312773,17z\/data=!3m1!4b1!4m5!3m4!1s0x12ceac9969df1b5b:0xb445ed742bdcf3f9!8m2!3d43.527453!4d6.4334653\" target=\"_blank\" rel=\"noopener\">Natur'Halles<\/a> Draguignan<\/li> <li><a href=\"https:\/\/www.google.com\/maps\/place\/LES+COMPTOIRS+DE+LA+BIO\/@43.5100555,6.4788799,17z\/data=!3m1!4b1!4m5!3m4!1s0x12ceac167a0f7eeb:0xd516940ea90f2f20!8m2!3d43.5100555!4d6.4810686\" target=\"_blank\" rel=\"noopener\">Les Comptoirs de la Bio<\/a> Trans-en-Provence<\/li> <\/ul>","_links":{"self":[{"href":"http:\/\/provencexvii.com\/fr\/wp-json\/wp\/v2\/pages\/348","targetHints":{"allow":["GET"]}}],"collection":[{"href":"http:\/\/provencexvii.com\/fr\/wp-json\/wp\/v2\/pages"}],"about":[{"href":"http:\/\/provencexvii.com\/fr\/wp-json\/wp\/v2\/types\/page"}],"author":[{"embeddable":true,"href":"http:\/\/provencexvii.com\/fr\/wp-json\/wp\/v2\/users\/1"}],"replies":[{"embeddable":true,"href":"http:\/\/provencexvii.com\/fr\/wp-json\/wp\/v2\/comments?post=348"}],"version-history":[{"count":11,"href":"http:\/\/provencexvii.com\/fr\/wp-json\/wp\/v2\/pages\/348\/revisions"}],"predecessor-version":[{"id":386,"href":"http:\/\/provencexvii.com\/fr\/wp-json\/wp\/v2\/pages\/348\/revisions\/386"}],"wp:attachment":[{"href":"http:\/\/provencexvii.com\/fr\/wp-json\/wp\/v2\/media?parent=348"}],"curies":[{"name":"wp","href":"https:\/\/api.w.org\/{rel}","templated":true}]}}